{"id":495,"date":"2023-06-22T00:19:13","date_gmt":"2023-06-22T00:19:13","guid":{"rendered":"http:\/\/www.cambalkon.gen.tr\/?page_id=495"},"modified":"2023-06-22T01:32:11","modified_gmt":"2023-06-22T01:32:11","slug":"kis-bahcesi","status":"publish","type":"page","link":"http:\/\/www.cambalkon.gen.tr\/index.php\/kis-bahcesi\/","title":{"rendered":"K\u0131\u015f Bah\u00e7esi"},"content":{"rendered":"\t\t<div data-elementor-type=\"wp-page\" data-elementor-id=\"495\" class=\"elementor elementor-495\">\n\t\t\t\t\t\t<section class=\"elementor-section elementor-top-section elementor-element elementor-element-3643de7 elementor-section-boxed elementor-section-height-default elementor-section-height-default\" data-id=\"3643de7\" data-element_type=\"section\" data-settings=\"{&quot;background_background&quot;:&quot;classic&quot;}\">\n\t\t\t\t\t\t\t<div class=\"elementor-background-overlay\"><\/div>\n\t\t\t\t\t\t\t<div class=\"elementor-container elementor-column-gap-no\">\n\t\t\t\t\t<div class=\"elementor-column elementor-col-100 elementor-top-column elementor-element elementor-element-e5a2303\" data-id=\"e5a2303\" data-element_type=\"column\">\n\t\t\t<div class=\"elementor-widget-wrap elementor-element-populated\">\n\t\t\t\t\t\t<div class=\"elementor-element elementor-element-394c2fd elementor-widget elementor-widget-heading\" data-id=\"394c2fd\" data-element_type=\"widget\" data-widget_type=\"heading.default\">\n\t\t\t\t<div class=\"elementor-widget-container\">\n\t\t\t<style>\/*! elementor - v3.23.0 - 05-08-2024 *\/\n.elementor-heading-title{padding:0;margin:0;line-height:1}.elementor-widget-heading .elementor-heading-title[class*=elementor-size-]>a{color:inherit;font-size:inherit;line-height:inherit}.elementor-widget-heading .elementor-heading-title.elementor-size-small{font-size:15px}.elementor-widget-heading .elementor-heading-title.elementor-size-medium{font-size:19px}.elementor-widget-heading .elementor-heading-title.elementor-size-large{font-size:29px}.elementor-widget-heading .elementor-heading-title.elementor-size-xl{font-size:39px}.elementor-widget-heading .elementor-heading-title.elementor-size-xxl{font-size:59px}<\/style><h1 class=\"elementor-heading-title elementor-size-default\">K\u0131\u015f Bah\u00e7esi<\/h1>\t\t<\/div>\n\t\t\t\t<\/div>\n\t\t\t\t\t<\/div>\n\t\t<\/div>\n\t\t\t\t\t<\/div>\n\t\t<\/section>\n\t\t\t\t<section class=\"elementor-section elementor-top-section elementor-element elementor-element-92c6837 elementor-section-boxed elementor-section-height-default elementor-section-height-default\" data-id=\"92c6837\" data-element_type=\"section\">\n\t\t\t\t\t\t<div class=\"elementor-container elementor-column-gap-default\">\n\t\t\t\t\t<div class=\"elementor-column elementor-col-100 elementor-top-column elementor-element elementor-element-68778ed\" data-id=\"68778ed\" data-element_type=\"column\">\n\t\t\t<div class=\"elementor-widget-wrap elementor-element-populated\">\n\t\t\t\t\t\t<div class=\"elementor-element elementor-element-3004ca4 elementor-widget elementor-widget-spacer\" data-id=\"3004ca4\" data-element_type=\"widget\" data-widget_type=\"spacer.default\">\n\t\t\t\t<div class=\"elementor-widget-container\">\n\t\t\t<style>\/*! elementor - v3.23.0 - 05-08-2024 *\/\n.elementor-column .elementor-spacer-inner{height:var(--spacer-size)}.e-con{--container-widget-width:100%}.e-con-inner>.elementor-widget-spacer,.e-con>.elementor-widget-spacer{width:var(--container-widget-width,var(--spacer-size));--align-self:var(--container-widget-align-self,initial);--flex-shrink:0}.e-con-inner>.elementor-widget-spacer>.elementor-widget-container,.e-con>.elementor-widget-spacer>.elementor-widget-container{height:100%;width:100%}.e-con-inner>.elementor-widget-spacer>.elementor-widget-container>.elementor-spacer,.e-con>.elementor-widget-spacer>.elementor-widget-container>.elementor-spacer{height:100%}.e-con-inner>.elementor-widget-spacer>.elementor-widget-container>.elementor-spacer>.elementor-spacer-inner,.e-con>.elementor-widget-spacer>.elementor-widget-container>.elementor-spacer>.elementor-spacer-inner{height:var(--container-widget-height,var(--spacer-size))}.e-con-inner>.elementor-widget-spacer.elementor-widget-empty,.e-con>.elementor-widget-spacer.elementor-widget-empty{position:relative;min-height:22px;min-width:22px}.e-con-inner>.elementor-widget-spacer.elementor-widget-empty .elementor-widget-empty-icon,.e-con>.elementor-widget-spacer.elementor-widget-empty .elementor-widget-empty-icon{position:absolute;top:0;bottom:0;left:0;right:0;margin:auto;padding:0;width:22px;height:22px}<\/style>\t\t<div class=\"elementor-spacer\">\n\t\t\t<div class=\"elementor-spacer-inner\"><\/div>\n\t\t<\/div>\n\t\t\t\t<\/div>\n\t\t\t\t<\/div>\n\t\t\t\t\t<\/div>\n\t\t<\/div>\n\t\t\t\t\t<\/div>\n\t\t<\/section>\n\t\t\t\t<section class=\"elementor-section elementor-top-section elementor-element elementor-element-8035107 elementor-section-boxed elementor-section-height-default elementor-section-height-default\" data-id=\"8035107\" data-element_type=\"section\">\n\t\t\t\t\t\t<div class=\"elementor-container elementor-column-gap-default\">\n\t\t\t\t\t<div class=\"elementor-column elementor-col-50 elementor-top-column elementor-element elementor-element-c6a5118\" data-id=\"c6a5118\" data-element_type=\"column\">\n\t\t\t<div class=\"elementor-widget-wrap elementor-element-populated\">\n\t\t\t\t\t\t<div class=\"elementor-element elementor-element-41abd55 elementor-widget elementor-widget-text-editor\" data-id=\"41abd55\" data-element_type=\"widget\" data-widget_type=\"text-editor.default\">\n\t\t\t\t<div class=\"elementor-widget-container\">\n\t\t\t<style>\/*! elementor - v3.23.0 - 05-08-2024 *\/\n.elementor-widget-text-editor.elementor-drop-cap-view-stacked .elementor-drop-cap{background-color:#69727d;color:#fff}.elementor-widget-text-editor.elementor-drop-cap-view-framed .elementor-drop-cap{color:#69727d;border:3px solid;background-color:transparent}.elementor-widget-text-editor:not(.elementor-drop-cap-view-default) .elementor-drop-cap{margin-top:8px}.elementor-widget-text-editor:not(.elementor-drop-cap-view-default) .elementor-drop-cap-letter{width:1em;height:1em}.elementor-widget-text-editor .elementor-drop-cap{float:left;text-align:center;line-height:1;font-size:50px}.elementor-widget-text-editor .elementor-drop-cap-letter{display:inline-block}<\/style>\t\t\t\t<p>K\u0131\u015f bah\u00e7esi haz\u0131rl\u0131klar\u0131 yapmak isteyenler i\u00e7in tam vakti denilebilir. Burada yaz\u0131n haricinde k\u0131\u015f\u0131nda keyfini s\u00fcrmek isteyenler yaz\u0131m\u0131z\u0131 okuyabilir ve bu keyfe ortak olabilirler.<\/p><p>K\u0131\u015f aylar\u0131nda hi\u00e7 girmedi\u011finiz bah\u00e7e, balkon, teras ya da verandan\u0131z\u0131 \u00e7at\u0131 ve pencere y\u00f6ntemleriyle kapatarak bir k\u0131\u015f bah\u00e7esi yapabilirsiniz. Is\u0131 yal\u0131t\u0131ml\u0131 olarak tasarlanan \u00e7at\u0131 ve pencere sistemleri, bu alanlar\u0131 rahatl\u0131kla k\u0131\u015f\u0131n da de\u011ferlendirilmeyi m\u00fcmk\u00fcn hale getiriyor.<\/p><p>Yaz aylar\u0131nda ya\u015fad\u0131\u011f\u0131n bu keyfi s\u00fcrd\u00fcrmek i\u00e7in k\u0131\u015f bah\u00e7esini tercih edebilirsiniz.<\/p><p>Metrekaresine bak\u0131lmaks\u0131z\u0131n her t\u00fcr bah\u00e7elere uygulanabilen bu sistemle ve \u0131s\u0131 yal\u0131t\u0131m\u0131 sayesinde s\u0131cac\u0131k bir k\u0131\u015f bah\u00e7eniz olabilir.<\/p><p>\u0130\u00e7erisini istediginiz gibi d\u00f6\u015feyebiliceginiz bir bah\u00e7eye sahip olmak i\u00e7in bizlere ula\u015fabilir, uzman ekibimizden yard\u0131m alabilirsiniz.<\/p>\t\t\t\t\t\t<\/div>\n\t\t\t\t<\/div>\n\t\t\t\t\t<\/div>\n\t\t<\/div>\n\t\t\t\t<div class=\"elementor-column elementor-col-50 elementor-top-column elementor-element elementor-element-0cb859b\" data-id=\"0cb859b\" data-element_type=\"column\">\n\t\t\t<div class=\"elementor-widget-wrap elementor-element-populated\">\n\t\t\t\t\t\t<div class=\"elementor-element elementor-element-0093fb4 elementor-widget elementor-widget-image\" data-id=\"0093fb4\" data-element_type=\"widget\" data-widget_type=\"image.default\">\n\t\t\t\t<div class=\"elementor-widget-container\">\n\t\t\t<style>\/*! elementor - v3.23.0 - 05-08-2024 *\/\n.elementor-widget-image{text-align:center}.elementor-widget-image a{display:inline-block}.elementor-widget-image a img[src$=\".svg\"]{width:48px}.elementor-widget-image img{vertical-align:middle;display:inline-block}<\/style>\t\t\t\t\t\t\t\t\t\t<img fetchpriority=\"high\" decoding=\"async\" width=\"640\" height=\"480\" src=\"http:\/\/www.cambalkon.gen.tr\/wp-content\/uploads\/2023\/06\/982.jpg\" class=\"attachment-large size-large wp-image-497\" alt=\"\" srcset=\"http:\/\/www.cambalkon.gen.tr\/wp-content\/uploads\/2023\/06\/982.jpg 640w, http:\/\/www.cambalkon.gen.tr\/wp-content\/uploads\/2023\/06\/982-300x225.jpg 300w\" sizes=\"(max-width: 640px) 100vw, 640px\" \/>\t\t\t\t\t\t\t\t\t\t\t\t\t<\/div>\n\t\t\t\t<\/div>\n\t\t\t\t\t<\/div>\n\t\t<\/div>\n\t\t\t\t\t<\/div>\n\t\t<\/section>\n\t\t\t\t<section class=\"elementor-section elementor-top-section elementor-element elementor-element-d0c988b elementor-section-boxed elementor-section-height-default elementor-section-height-default\" data-id=\"d0c988b\" data-element_type=\"section\">\n\t\t\t\t\t\t<div class=\"elementor-container elementor-column-gap-default\">\n\t\t\t\t\t<div class=\"elementor-column elementor-col-100 elementor-top-column elementor-element elementor-element-d903c31\" data-id=\"d903c31\" data-element_type=\"column\">\n\t\t\t<div class=\"elementor-widget-wrap elementor-element-populated\">\n\t\t\t\t\t\t<div class=\"elementor-element elementor-element-7aa4946 elementor-widget elementor-widget-text-editor\" data-id=\"7aa4946\" data-element_type=\"widget\" data-widget_type=\"text-editor.default\">\n\t\t\t\t<div class=\"elementor-widget-container\">\n\t\t\t\t\t\t\t<div id=\"page61_htmltext1\" class=\"htmltext1_wp_outer\"><p>Tavan perdeleri, panjurlar, ayarlanabilir g\u00f6lgelikler veya storlar\u2026 bu \u00fcr\u00fcnlerin hepsi motorla donat\u0131labilir. Bir k\u0131\u015f bah\u00e7esi yapmay\u0131 d\u00fc\u015f\u00fcn\u00fcyorsan\u0131z, kurulumunuzdan azami yararlanabilmek i\u00e7in elektrik eri\u015fimini belirleyerek \u00f6nceden plan yap\u0131n. K\u0131\u015f bah\u00e7enizi yenilemek ve modernle\u015ftirmek i\u00e7in kablosuz \u00e7\u00f6z\u00fcmler de mevcuttur. Tavsiye i\u00e7in bizlere ula\u015f\u0131n\u0131z.<\/p><p>Ayr\u0131ca k\u0131\u015f bah\u00e7esi yapt\u0131r\u0131rken \u00f6zellikle a\u00e7\u0131l\u0131r kapan\u0131r \u015fekilde olmas\u0131na muhakkak \u00f6zen g\u00f6sterin.<\/p><\/div>\t\t\t\t\t\t<\/div>\n\t\t\t\t<\/div>\n\t\t\t\t<div class=\"elementor-element elementor-element-cc2217c elementor-widget elementor-widget-spacer\" data-id=\"cc2217c\" data-element_type=\"widget\" data-widget_type=\"spacer.default\">\n\t\t\t\t<div class=\"elementor-widget-container\">\n\t\t\t\t\t<div class=\"elementor-spacer\">\n\t\t\t<div class=\"elementor-spacer-inner\"><\/div>\n\t\t<\/div>\n\t\t\t\t<\/div>\n\t\t\t\t<\/div>\n\t\t\t\t\t<\/div>\n\t\t<\/div>\n\t\t\t\t\t<\/div>\n\t\t<\/section>\n\t\t\t\t<\/div>\n\t\t","protected":false},"excerpt":{"rendered":"<p>K\u0131\u015f Bah\u00e7esi K\u0131\u015f bah\u00e7esi haz\u0131rl\u0131klar\u0131 yapmak isteyenler i\u00e7in tam vakti denilebilir. Burada yaz\u0131n haricinde k\u0131\u015f\u0131nda keyfini s\u00fcrmek isteyenler yaz\u0131m\u0131z\u0131 okuyabilir ve bu keyfe ortak olabilirler. K\u0131\u015f aylar\u0131nda hi\u00e7 girmedi\u011finiz bah\u00e7e, balkon, teras ya da verandan\u0131z\u0131 \u00e7at\u0131 ve pencere y\u00f6ntemleriyle kapatarak bir k\u0131\u015f bah\u00e7esi yapabilirsiniz. Is\u0131 yal\u0131t\u0131ml\u0131 olarak tasarlanan \u00e7at\u0131 ve pencere sistemleri, bu alanlar\u0131 rahatl\u0131kla [&hellip;]<\/p>\n","protected":false},"author":1,"featured_media":0,"parent":0,"menu_order":0,"comment_status":"closed","ping_status":"closed","template":"","meta":{"site-sidebar-layout":"no-sidebar","site-content-layout":"page-builder","ast-site-content-layout":"default","site-content-style":"default","site-sidebar-style":"default","ast-global-header-display":"","ast-banner-title-visibility":"","ast-main-header-display":"","ast-hfb-above-header-display":"","ast-hfb-below-header-display":"","ast-hfb-mobile-header-display":"","site-post-title":"disabled","ast-breadcrumbs-content":"","ast-featured-img":"disabled","footer-sml-layout":"","ast-disable-related-posts":"","theme-transparent-header-meta":"enabled","adv-header-id-meta":"","stick-header-meta":"","header-above-stick-meta":"","header-main-stick-meta":"","header-below-stick-meta":"","astra-migrate-meta-layouts":"default","ast-page-background-enabled":"default","ast-page-background-meta":{"desktop":{"background-color":"","background-image":"","background-repeat":"repeat","background-position":"center center","background-size":"auto","background-attachment":"scroll","background-type":"","background-media":"","overlay-type":"","overlay-color":"","overlay-opacity":"","overlay-gradient":""},"tablet":{"background-color":"","background-image":"","background-repeat":"repeat","background-position":"center center","background-size":"auto","background-attachment":"scroll","background-type":"","background-media":"","overlay-type":"","overlay-color":"","overlay-opacity":"","overlay-gradient":""},"mobile":{"background-color":"","background-image":"","background-repeat":"repeat","background-position":"center center","background-size":"auto","background-attachment":"scroll","background-type":"","background-media":"","overlay-type":"","overlay-color":"","overlay-opacity":"","overlay-gradient":""}},"ast-content-background-meta":{"desktop":{"background-color":"var(--ast-global-color-5)","background-image":"","background-repeat":"repeat","background-position":"center center","background-size":"auto","background-attachment":"scroll","background-type":"","background-media":"","overlay-type":"","overlay-color":"","overlay-opacity":"","overlay-gradient":""},"tablet":{"background-color":"var(--ast-global-color-5)","background-image":"","background-repeat":"repeat","background-position":"center center","background-size":"auto","background-attachment":"scroll","background-type":"","background-media":"","overlay-type":"","overlay-color":"","overlay-opacity":"","overlay-gradient":""},"mobile":{"background-color":"var(--ast-global-color-5)","background-image":"","background-repeat":"repeat","background-position":"center center","background-size":"auto","background-attachment":"scroll","background-type":"","background-media":"","overlay-type":"","overlay-color":"","overlay-opacity":"","overlay-gradient":""}}},"_links":{"self":[{"href":"http:\/\/www.cambalkon.gen.tr\/index.php\/wp-json\/wp\/v2\/pages\/495"}],"collection":[{"href":"http:\/\/www.cambalkon.gen.tr\/index.php\/wp-json\/wp\/v2\/pages"}],"about":[{"href":"http:\/\/www.cambalkon.gen.tr\/index.php\/wp-json\/wp\/v2\/types\/page"}],"author":[{"embeddable":true,"href":"http:\/\/www.cambalkon.gen.tr\/index.php\/wp-json\/wp\/v2\/users\/1"}],"replies":[{"embeddable":true,"href":"http:\/\/www.cambalkon.gen.tr\/index.php\/wp-json\/wp\/v2\/comments?post=495"}],"version-history":[{"count":16,"href":"http:\/\/www.cambalkon.gen.tr\/index.php\/wp-json\/wp\/v2\/pages\/495\/revisions"}],"predecessor-version":[{"id":601,"href":"http:\/\/www.cambalkon.gen.tr\/index.php\/wp-json\/wp\/v2\/pages\/495\/revisions\/601"}],"wp:attachment":[{"href":"http:\/\/www.cambalkon.gen.tr\/index.php\/wp-json\/wp\/v2\/media?parent=495"}],"curies":[{"name":"wp","href":"https:\/\/api.w.org\/{rel}","templated":true}]}}