{"id":477,"date":"2023-06-21T23:57:51","date_gmt":"2023-06-21T23:57:51","guid":{"rendered":"http:\/\/www.cambalkon.gen.tr\/?page_id=477"},"modified":"2023-06-22T01:28:41","modified_gmt":"2023-06-22T01:28:41","slug":"katlanir-cam-balkon","status":"publish","type":"page","link":"http:\/\/www.cambalkon.gen.tr\/index.php\/katlanir-cam-balkon\/","title":{"rendered":"Katlan\u0131r Cam Balkon"},"content":{"rendered":"\t\t<div data-elementor-type=\"wp-page\" data-elementor-id=\"477\" class=\"elementor elementor-477\">\n\t\t\t\t\t\t<section class=\"elementor-section elementor-top-section elementor-element elementor-element-3643de7 elementor-section-boxed elementor-section-height-default elementor-section-height-default\" data-id=\"3643de7\" data-element_type=\"section\" data-settings=\"{&quot;background_background&quot;:&quot;classic&quot;}\">\n\t\t\t\t\t\t\t<div class=\"elementor-background-overlay\"><\/div>\n\t\t\t\t\t\t\t<div class=\"elementor-container elementor-column-gap-no\">\n\t\t\t\t\t<div class=\"elementor-column elementor-col-100 elementor-top-column elementor-element elementor-element-e5a2303\" data-id=\"e5a2303\" data-element_type=\"column\">\n\t\t\t<div class=\"elementor-widget-wrap elementor-element-populated\">\n\t\t\t\t\t\t<div class=\"elementor-element elementor-element-394c2fd elementor-widget elementor-widget-heading\" data-id=\"394c2fd\" data-element_type=\"widget\" data-widget_type=\"heading.default\">\n\t\t\t\t<div class=\"elementor-widget-container\">\n\t\t\t<style>\/*! elementor - v3.23.0 - 05-08-2024 *\/\n.elementor-heading-title{padding:0;margin:0;line-height:1}.elementor-widget-heading .elementor-heading-title[class*=elementor-size-]>a{color:inherit;font-size:inherit;line-height:inherit}.elementor-widget-heading .elementor-heading-title.elementor-size-small{font-size:15px}.elementor-widget-heading .elementor-heading-title.elementor-size-medium{font-size:19px}.elementor-widget-heading .elementor-heading-title.elementor-size-large{font-size:29px}.elementor-widget-heading .elementor-heading-title.elementor-size-xl{font-size:39px}.elementor-widget-heading .elementor-heading-title.elementor-size-xxl{font-size:59px}<\/style><h1 class=\"elementor-heading-title elementor-size-default\">Katlan\u0131r <br>Cam Balkon<\/h1>\t\t<\/div>\n\t\t\t\t<\/div>\n\t\t\t\t\t<\/div>\n\t\t<\/div>\n\t\t\t\t\t<\/div>\n\t\t<\/section>\n\t\t\t\t<section class=\"elementor-section elementor-top-section elementor-element elementor-element-92c6837 elementor-section-boxed elementor-section-height-default elementor-section-height-default\" data-id=\"92c6837\" data-element_type=\"section\">\n\t\t\t\t\t\t<div class=\"elementor-container elementor-column-gap-default\">\n\t\t\t\t\t<div class=\"elementor-column elementor-col-100 elementor-top-column elementor-element elementor-element-68778ed\" data-id=\"68778ed\" data-element_type=\"column\">\n\t\t\t<div class=\"elementor-widget-wrap elementor-element-populated\">\n\t\t\t\t\t\t<div class=\"elementor-element elementor-element-03acb87 elementor-widget elementor-widget-spacer\" data-id=\"03acb87\" data-element_type=\"widget\" data-widget_type=\"spacer.default\">\n\t\t\t\t<div class=\"elementor-widget-container\">\n\t\t\t<style>\/*! elementor - v3.23.0 - 05-08-2024 *\/\n.elementor-column .elementor-spacer-inner{height:var(--spacer-size)}.e-con{--container-widget-width:100%}.e-con-inner>.elementor-widget-spacer,.e-con>.elementor-widget-spacer{width:var(--container-widget-width,var(--spacer-size));--align-self:var(--container-widget-align-self,initial);--flex-shrink:0}.e-con-inner>.elementor-widget-spacer>.elementor-widget-container,.e-con>.elementor-widget-spacer>.elementor-widget-container{height:100%;width:100%}.e-con-inner>.elementor-widget-spacer>.elementor-widget-container>.elementor-spacer,.e-con>.elementor-widget-spacer>.elementor-widget-container>.elementor-spacer{height:100%}.e-con-inner>.elementor-widget-spacer>.elementor-widget-container>.elementor-spacer>.elementor-spacer-inner,.e-con>.elementor-widget-spacer>.elementor-widget-container>.elementor-spacer>.elementor-spacer-inner{height:var(--container-widget-height,var(--spacer-size))}.e-con-inner>.elementor-widget-spacer.elementor-widget-empty,.e-con>.elementor-widget-spacer.elementor-widget-empty{position:relative;min-height:22px;min-width:22px}.e-con-inner>.elementor-widget-spacer.elementor-widget-empty .elementor-widget-empty-icon,.e-con>.elementor-widget-spacer.elementor-widget-empty .elementor-widget-empty-icon{position:absolute;top:0;bottom:0;left:0;right:0;margin:auto;padding:0;width:22px;height:22px}<\/style>\t\t<div class=\"elementor-spacer\">\n\t\t\t<div class=\"elementor-spacer-inner\"><\/div>\n\t\t<\/div>\n\t\t\t\t<\/div>\n\t\t\t\t<\/div>\n\t\t\t\t\t<\/div>\n\t\t<\/div>\n\t\t\t\t\t<\/div>\n\t\t<\/section>\n\t\t\t\t<section class=\"elementor-section elementor-top-section elementor-element elementor-element-8035107 elementor-section-boxed elementor-section-height-default elementor-section-height-default\" data-id=\"8035107\" data-element_type=\"section\">\n\t\t\t\t\t\t<div class=\"elementor-container elementor-column-gap-default\">\n\t\t\t\t\t<div class=\"elementor-column elementor-col-50 elementor-top-column elementor-element elementor-element-c6a5118\" data-id=\"c6a5118\" data-element_type=\"column\">\n\t\t\t<div class=\"elementor-widget-wrap elementor-element-populated\">\n\t\t\t\t\t\t<div class=\"elementor-element elementor-element-41abd55 elementor-widget elementor-widget-text-editor\" data-id=\"41abd55\" data-element_type=\"widget\" data-widget_type=\"text-editor.default\">\n\t\t\t\t<div class=\"elementor-widget-container\">\n\t\t\t<style>\/*! elementor - v3.23.0 - 05-08-2024 *\/\n.elementor-widget-text-editor.elementor-drop-cap-view-stacked .elementor-drop-cap{background-color:#69727d;color:#fff}.elementor-widget-text-editor.elementor-drop-cap-view-framed .elementor-drop-cap{color:#69727d;border:3px solid;background-color:transparent}.elementor-widget-text-editor:not(.elementor-drop-cap-view-default) .elementor-drop-cap{margin-top:8px}.elementor-widget-text-editor:not(.elementor-drop-cap-view-default) .elementor-drop-cap-letter{width:1em;height:1em}.elementor-widget-text-editor .elementor-drop-cap{float:left;text-align:center;line-height:1;font-size:50px}.elementor-widget-text-editor .elementor-drop-cap-letter{display:inline-block}<\/style>\t\t\t\t<p>Katlan\u0131r Cam Balkon m2 fiyat skalas\u0131,sistemin \u00f6zelligine ve malzeme kalitesine g\u00f6re de\u011fi\u015fkenlik g\u00f6stermektedir. Geneller isek; imal etti\u011fimiz ve montaj yapt\u0131\u011f\u0131m\u0131z sistem 8 milim temperli camdan katlan\u0131r cam balkon modellerimizin fiyat listesi i\u00e7in bizimle ileti\u015fime ge\u00e7ebilirsiniz. Net fiyat verebilmek i\u00e7in uygulama yap\u0131lacak alan\u0131n tam \u00f6l\u00e7\u00fclerini alarak fiyat teklifi vermemiz gerekmektedir. Balkonunuzun \u00f6l\u00e7\u00fcleri yada di\u011fer firmalar taraf\u0131ndan size verilen fiyat teklifler ile l\u00fctfen bize ula\u015f\u0131n.<\/p>\t\t\t\t\t\t<\/div>\n\t\t\t\t<\/div>\n\t\t\t\t\t<\/div>\n\t\t<\/div>\n\t\t\t\t<div class=\"elementor-column elementor-col-50 elementor-top-column elementor-element elementor-element-0cb859b\" data-id=\"0cb859b\" data-element_type=\"column\">\n\t\t\t<div class=\"elementor-widget-wrap elementor-element-populated\">\n\t\t\t\t\t\t<div class=\"elementor-element elementor-element-0093fb4 elementor-widget elementor-widget-image\" data-id=\"0093fb4\" data-element_type=\"widget\" data-widget_type=\"image.default\">\n\t\t\t\t<div class=\"elementor-widget-container\">\n\t\t\t<style>\/*! elementor - v3.23.0 - 05-08-2024 *\/\n.elementor-widget-image{text-align:center}.elementor-widget-image a{display:inline-block}.elementor-widget-image a img[src$=\".svg\"]{width:48px}.elementor-widget-image img{vertical-align:middle;display:inline-block}<\/style>\t\t\t\t\t\t\t\t\t\t<img fetchpriority=\"high\" decoding=\"async\" width=\"1024\" height=\"591\" src=\"http:\/\/www.cambalkon.gen.tr\/wp-content\/uploads\/2023\/06\/189201821336204-1024x591.jpg\" class=\"attachment-large size-large wp-image-479\" alt=\"\" srcset=\"http:\/\/www.cambalkon.gen.tr\/wp-content\/uploads\/2023\/06\/189201821336204-1024x591.jpg 1024w, http:\/\/www.cambalkon.gen.tr\/wp-content\/uploads\/2023\/06\/189201821336204-300x173.jpg 300w, http:\/\/www.cambalkon.gen.tr\/wp-content\/uploads\/2023\/06\/189201821336204-768x443.jpg 768w, http:\/\/www.cambalkon.gen.tr\/wp-content\/uploads\/2023\/06\/189201821336204.jpg 1300w\" sizes=\"(max-width: 1024px) 100vw, 1024px\" \/>\t\t\t\t\t\t\t\t\t\t\t\t\t<\/div>\n\t\t\t\t<\/div>\n\t\t\t\t\t<\/div>\n\t\t<\/div>\n\t\t\t\t\t<\/div>\n\t\t<\/section>\n\t\t\t\t<section class=\"elementor-section elementor-top-section elementor-element elementor-element-d0c988b elementor-section-boxed elementor-section-height-default elementor-section-height-default\" data-id=\"d0c988b\" data-element_type=\"section\">\n\t\t\t\t\t\t<div class=\"elementor-container elementor-column-gap-default\">\n\t\t\t\t\t<div class=\"elementor-column elementor-col-100 elementor-top-column elementor-element elementor-element-d903c31\" data-id=\"d903c31\" data-element_type=\"column\">\n\t\t\t<div class=\"elementor-widget-wrap elementor-element-populated\">\n\t\t\t\t\t\t<div class=\"elementor-element elementor-element-7aa4946 elementor-widget elementor-widget-text-editor\" data-id=\"7aa4946\" data-element_type=\"widget\" data-widget_type=\"text-editor.default\">\n\t\t\t\t<div class=\"elementor-widget-container\">\n\t\t\t\t\t\t\t<p><strong>M\u00dc\u015eTER\u0130LER\u0130M\u0130Z\u0130N EN SIK SORDU\u011eU SORU \u0130SE \u00dcR\u00dcNLERN\u0130Z \u0130\u00c7\u0130NDE EN KAL\u0130TEL\u0130 KATLANIR CAM BALKON HANG\u0130S\u0130 ?<br \/><\/strong><br \/>B\u00fct\u00fcn katlan\u0131r cam balkon sistemleri kalite olarak oturmu\u015f bir d\u00fczeye sahiptir. Hangi sistemi sat\u0131n al\u0131rsan\u0131z al\u0131n as\u0131l \u00f6nemli unsur nas\u0131l tak\u0131lacag\u0131d\u0131r. Sistem monta s\u0131ras\u0131nda g\u00f6nyesinden 2 mm den fazla kayd\u0131\u011f\u0131nda 1 metre i\u00e7inde s\u0131k\u0131\u015f\u0131p \u00e7al\u0131\u015fmaz hale gelecektir. Montaj hatalar\u0131 \u00fcr\u00fcnlerin \u00f6mr\u00fcn\u00fc etkileyen en \u00f6nemli fakt\u00f6rd\u00fcr. Di\u011fer \u00f6nemli etken ise kullan\u0131lan slikon ve mastiklerdir. Sistemin su ve hava s\u0131zd\u0131rmazl\u0131\u011f\u0131n\u0131 sa\u011flayan slikonlar\u0131n kalitesine g\u00f6re montaj alan\u0131nda 1 sene ile 10 sene aras\u0131nda de\u011fi\u015fen s\u0131zd\u0131rmazl\u0131k sa\u011flayabilirler. Monta s\u0131ras\u0131nda kullan\u0131lan slikonun markas\u0131n\u0131n kaliteli olmas\u0131na \u00f6zellik ile kontrol ediniz.<\/p>\t\t\t\t\t\t<\/div>\n\t\t\t\t<\/div>\n\t\t\t\t\t<\/div>\n\t\t<\/div>\n\t\t\t\t\t<\/div>\n\t\t<\/section>\n\t\t\t\t<\/div>\n\t\t","protected":false},"excerpt":{"rendered":"<p>Katlan\u0131r Cam Balkon Katlan\u0131r Cam Balkon m2 fiyat skalas\u0131,sistemin \u00f6zelligine ve malzeme kalitesine g\u00f6re de\u011fi\u015fkenlik g\u00f6stermektedir. Geneller isek; imal etti\u011fimiz ve montaj yapt\u0131\u011f\u0131m\u0131z sistem 8 milim temperli camdan katlan\u0131r cam balkon modellerimizin fiyat listesi i\u00e7in bizimle ileti\u015fime ge\u00e7ebilirsiniz. Net fiyat verebilmek i\u00e7in uygulama yap\u0131lacak alan\u0131n tam \u00f6l\u00e7\u00fclerini alarak fiyat teklifi vermemiz gerekmektedir. Balkonunuzun \u00f6l\u00e7\u00fcleri yada [&hellip;]<\/p>\n","protected":false},"author":1,"featured_media":0,"parent":0,"menu_order":0,"comment_status":"closed","ping_status":"closed","template":"","meta":{"site-sidebar-layout":"no-sidebar","site-content-layout":"page-builder","ast-site-content-layout":"default","site-content-style":"default","site-sidebar-style":"default","ast-global-header-display":"","ast-banner-title-visibility":"","ast-main-header-display":"","ast-hfb-above-header-display":"","ast-hfb-below-header-display":"","ast-hfb-mobile-header-display":"","site-post-title":"disabled","ast-breadcrumbs-content":"","ast-featured-img":"disabled","footer-sml-layout":"","ast-disable-related-posts":"","theme-transparent-header-meta":"enabled","adv-header-id-meta":"","stick-header-meta":"","header-above-stick-meta":"","header-main-stick-meta":"","header-below-stick-meta":"","astra-migrate-meta-layouts":"default","ast-page-background-enabled":"default","ast-page-background-meta":{"desktop":{"background-color":"","background-image":"","background-repeat":"repeat","background-position":"center center","background-size":"auto","background-attachment":"scroll","background-type":"","background-media":"","overlay-type":"","overlay-color":"","overlay-opacity":"","overlay-gradient":""},"tablet":{"background-color":"","background-image":"","background-repeat":"repeat","background-position":"center center","background-size":"auto","background-attachment":"scroll","background-type":"","background-media":"","overlay-type":"","overlay-color":"","overlay-opacity":"","overlay-gradient":""},"mobile":{"background-color":"","background-image":"","background-repeat":"repeat","background-position":"center center","background-size":"auto","background-attachment":"scroll","background-type":"","background-media":"","overlay-type":"","overlay-color":"","overlay-opacity":"","overlay-gradient":""}},"ast-content-background-meta":{"desktop":{"background-color":"var(--ast-global-color-5)","background-image":"","background-repeat":"repeat","background-position":"center center","background-size":"auto","background-attachment":"scroll","background-type":"","background-media":"","overlay-type":"","overlay-color":"","overlay-opacity":"","overlay-gradient":""},"tablet":{"background-color":"var(--ast-global-color-5)","background-image":"","background-repeat":"repeat","background-position":"center center","background-size":"auto","background-attachment":"scroll","background-type":"","background-media":"","overlay-type":"","overlay-color":"","overlay-opacity":"","overlay-gradient":""},"mobile":{"background-color":"var(--ast-global-color-5)","background-image":"","background-repeat":"repeat","background-position":"center center","background-size":"auto","background-attachment":"scroll","background-type":"","background-media":"","overlay-type":"","overlay-color":"","overlay-opacity":"","overlay-gradient":""}}},"_links":{"self":[{"href":"http:\/\/www.cambalkon.gen.tr\/index.php\/wp-json\/wp\/v2\/pages\/477"}],"collection":[{"href":"http:\/\/www.cambalkon.gen.tr\/index.php\/wp-json\/wp\/v2\/pages"}],"about":[{"href":"http:\/\/www.cambalkon.gen.tr\/index.php\/wp-json\/wp\/v2\/types\/page"}],"author":[{"embeddable":true,"href":"http:\/\/www.cambalkon.gen.tr\/index.php\/wp-json\/wp\/v2\/users\/1"}],"replies":[{"embeddable":true,"href":"http:\/\/www.cambalkon.gen.tr\/index.php\/wp-json\/wp\/v2\/comments?post=477"}],"version-history":[{"count":10,"href":"http:\/\/www.cambalkon.gen.tr\/index.php\/wp-json\/wp\/v2\/pages\/477\/revisions"}],"predecessor-version":[{"id":580,"href":"http:\/\/www.cambalkon.gen.tr\/index.php\/wp-json\/wp\/v2\/pages\/477\/revisions\/580"}],"wp:attachment":[{"href":"http:\/\/www.cambalkon.gen.tr\/index.php\/wp-json\/wp\/v2\/media?parent=477"}],"curies":[{"name":"wp","href":"https:\/\/api.w.org\/{rel}","templated":true}]}}