{"id":471,"date":"2023-06-21T23:54:23","date_gmt":"2023-06-21T23:54:23","guid":{"rendered":"http:\/\/www.cambalkon.gen.tr\/?page_id=471"},"modified":"2023-06-22T01:27:42","modified_gmt":"2023-06-22T01:27:42","slug":"cambalkon","status":"publish","type":"page","link":"http:\/\/www.cambalkon.gen.tr\/index.php\/cambalkon\/","title":{"rendered":"CamBalkon"},"content":{"rendered":"\t\t<div data-elementor-type=\"wp-page\" data-elementor-id=\"471\" class=\"elementor elementor-471\">\n\t\t\t\t\t\t<section class=\"elementor-section elementor-top-section elementor-element elementor-element-3643de7 elementor-section-boxed elementor-section-height-default elementor-section-height-default\" data-id=\"3643de7\" data-element_type=\"section\" data-settings=\"{&quot;background_background&quot;:&quot;classic&quot;}\">\n\t\t\t\t\t\t\t<div class=\"elementor-background-overlay\"><\/div>\n\t\t\t\t\t\t\t<div class=\"elementor-container elementor-column-gap-no\">\n\t\t\t\t\t<div class=\"elementor-column elementor-col-100 elementor-top-column elementor-element elementor-element-e5a2303\" data-id=\"e5a2303\" data-element_type=\"column\">\n\t\t\t<div class=\"elementor-widget-wrap elementor-element-populated\">\n\t\t\t\t\t\t<div class=\"elementor-element elementor-element-394c2fd elementor-widget elementor-widget-heading\" data-id=\"394c2fd\" data-element_type=\"widget\" data-widget_type=\"heading.default\">\n\t\t\t\t<div class=\"elementor-widget-container\">\n\t\t\t<style>\/*! elementor - v3.23.0 - 05-08-2024 *\/\n.elementor-heading-title{padding:0;margin:0;line-height:1}.elementor-widget-heading .elementor-heading-title[class*=elementor-size-]>a{color:inherit;font-size:inherit;line-height:inherit}.elementor-widget-heading .elementor-heading-title.elementor-size-small{font-size:15px}.elementor-widget-heading .elementor-heading-title.elementor-size-medium{font-size:19px}.elementor-widget-heading .elementor-heading-title.elementor-size-large{font-size:29px}.elementor-widget-heading .elementor-heading-title.elementor-size-xl{font-size:39px}.elementor-widget-heading .elementor-heading-title.elementor-size-xxl{font-size:59px}<\/style><h1 class=\"elementor-heading-title elementor-size-default\">Cam Balkon<\/h1>\t\t<\/div>\n\t\t\t\t<\/div>\n\t\t\t\t\t<\/div>\n\t\t<\/div>\n\t\t\t\t\t<\/div>\n\t\t<\/section>\n\t\t\t\t<section class=\"elementor-section elementor-top-section elementor-element elementor-element-92c6837 elementor-section-boxed elementor-section-height-default elementor-section-height-default\" data-id=\"92c6837\" data-element_type=\"section\">\n\t\t\t\t\t\t<div class=\"elementor-container elementor-column-gap-default\">\n\t\t\t\t\t<div class=\"elementor-column elementor-col-100 elementor-top-column elementor-element elementor-element-68778ed\" data-id=\"68778ed\" data-element_type=\"column\">\n\t\t\t<div class=\"elementor-widget-wrap elementor-element-populated\">\n\t\t\t\t\t\t<div class=\"elementor-element elementor-element-6350ec8 elementor-widget elementor-widget-spacer\" data-id=\"6350ec8\" data-element_type=\"widget\" data-widget_type=\"spacer.default\">\n\t\t\t\t<div class=\"elementor-widget-container\">\n\t\t\t<style>\/*! elementor - v3.23.0 - 05-08-2024 *\/\n.elementor-column .elementor-spacer-inner{height:var(--spacer-size)}.e-con{--container-widget-width:100%}.e-con-inner>.elementor-widget-spacer,.e-con>.elementor-widget-spacer{width:var(--container-widget-width,var(--spacer-size));--align-self:var(--container-widget-align-self,initial);--flex-shrink:0}.e-con-inner>.elementor-widget-spacer>.elementor-widget-container,.e-con>.elementor-widget-spacer>.elementor-widget-container{height:100%;width:100%}.e-con-inner>.elementor-widget-spacer>.elementor-widget-container>.elementor-spacer,.e-con>.elementor-widget-spacer>.elementor-widget-container>.elementor-spacer{height:100%}.e-con-inner>.elementor-widget-spacer>.elementor-widget-container>.elementor-spacer>.elementor-spacer-inner,.e-con>.elementor-widget-spacer>.elementor-widget-container>.elementor-spacer>.elementor-spacer-inner{height:var(--container-widget-height,var(--spacer-size))}.e-con-inner>.elementor-widget-spacer.elementor-widget-empty,.e-con>.elementor-widget-spacer.elementor-widget-empty{position:relative;min-height:22px;min-width:22px}.e-con-inner>.elementor-widget-spacer.elementor-widget-empty .elementor-widget-empty-icon,.e-con>.elementor-widget-spacer.elementor-widget-empty .elementor-widget-empty-icon{position:absolute;top:0;bottom:0;left:0;right:0;margin:auto;padding:0;width:22px;height:22px}<\/style>\t\t<div class=\"elementor-spacer\">\n\t\t\t<div class=\"elementor-spacer-inner\"><\/div>\n\t\t<\/div>\n\t\t\t\t<\/div>\n\t\t\t\t<\/div>\n\t\t\t\t\t<\/div>\n\t\t<\/div>\n\t\t\t\t\t<\/div>\n\t\t<\/section>\n\t\t\t\t<section class=\"elementor-section elementor-top-section elementor-element elementor-element-8035107 elementor-section-boxed elementor-section-height-default elementor-section-height-default\" data-id=\"8035107\" data-element_type=\"section\">\n\t\t\t\t\t\t<div class=\"elementor-container elementor-column-gap-default\">\n\t\t\t\t\t<div class=\"elementor-column elementor-col-50 elementor-top-column elementor-element elementor-element-c6a5118\" data-id=\"c6a5118\" data-element_type=\"column\">\n\t\t\t<div class=\"elementor-widget-wrap elementor-element-populated\">\n\t\t\t\t\t\t<div class=\"elementor-element elementor-element-41abd55 elementor-widget elementor-widget-text-editor\" data-id=\"41abd55\" data-element_type=\"widget\" data-widget_type=\"text-editor.default\">\n\t\t\t\t<div class=\"elementor-widget-container\">\n\t\t\t<style>\/*! elementor - v3.23.0 - 05-08-2024 *\/\n.elementor-widget-text-editor.elementor-drop-cap-view-stacked .elementor-drop-cap{background-color:#69727d;color:#fff}.elementor-widget-text-editor.elementor-drop-cap-view-framed .elementor-drop-cap{color:#69727d;border:3px solid;background-color:transparent}.elementor-widget-text-editor:not(.elementor-drop-cap-view-default) .elementor-drop-cap{margin-top:8px}.elementor-widget-text-editor:not(.elementor-drop-cap-view-default) .elementor-drop-cap-letter{width:1em;height:1em}.elementor-widget-text-editor .elementor-drop-cap{float:left;text-align:center;line-height:1;font-size:50px}.elementor-widget-text-editor .elementor-drop-cap-letter{display:inline-block}<\/style>\t\t\t\t<p>Sky Win Cam Balkon olarak, faaliyet s\u00fcremiz i\u00e7erisinde cam balkon \u0130stanbul olarak sekt\u00f6r\u00fcn lider cam balkon firmalar\u0131 aras\u0131ndaki yerimizi h\u0131zla ald\u0131k. M\u00fc\u015fteri odakl\u0131 \u00e7al\u0131\u015fma ve kalite politikam\u0131z\u0131 standart hale getirdik. Cam balkon \u0130stanbul sistemleri, t\u00fcm \u00e7al\u0131\u015fanlar\u0131n\u0131n etkin kat\u0131l\u0131mlar\u0131yla m\u00fc\u015fteri ihtiya\u00e7 ve imkanlar\u0131n\u0131 dikkate alarak, m\u00fc\u015fteri memnuniyetini s\u00fcrekli k\u0131lmak i\u00e7in kaynaklar\u0131 ekonomik, etkin, verimli bir bi\u00e7imde kullanmaktay\u0131z. Cam balkon \u00fcretim, montaj, sat\u0131\u015f ve sat\u0131\u015f sonras\u0131 hizmetlerde toplam kalite y\u00f6netimi anlay\u0131\u015f\u0131yla hareket ediyoruz. Tecr\u00fcbeli ve geni\u015f kadromuzla, kesin m\u00fc\u015fteri memnuniyeti ilkesiyle \u00e7al\u0131\u015fmalar\u0131m\u0131z\u0131 s\u00fcrd\u00fcr\u00fcyoruz.<\/p>\t\t\t\t\t\t<\/div>\n\t\t\t\t<\/div>\n\t\t\t\t\t<\/div>\n\t\t<\/div>\n\t\t\t\t<div class=\"elementor-column elementor-col-50 elementor-top-column elementor-element elementor-element-0cb859b\" data-id=\"0cb859b\" data-element_type=\"column\">\n\t\t\t<div class=\"elementor-widget-wrap elementor-element-populated\">\n\t\t\t\t\t\t<div class=\"elementor-element elementor-element-0093fb4 elementor-widget elementor-widget-image\" data-id=\"0093fb4\" data-element_type=\"widget\" data-widget_type=\"image.default\">\n\t\t\t\t<div class=\"elementor-widget-container\">\n\t\t\t<style>\/*! elementor - v3.23.0 - 05-08-2024 *\/\n.elementor-widget-image{text-align:center}.elementor-widget-image a{display:inline-block}.elementor-widget-image a img[src$=\".svg\"]{width:48px}.elementor-widget-image img{vertical-align:middle;display:inline-block}<\/style>\t\t\t\t\t\t\t\t\t\t<img fetchpriority=\"high\" decoding=\"async\" width=\"640\" height=\"404\" src=\"http:\/\/www.cambalkon.gen.tr\/wp-content\/uploads\/2023\/06\/921.png\" class=\"attachment-large size-large wp-image-473\" alt=\"\" srcset=\"http:\/\/www.cambalkon.gen.tr\/wp-content\/uploads\/2023\/06\/921.png 640w, http:\/\/www.cambalkon.gen.tr\/wp-content\/uploads\/2023\/06\/921-300x189.png 300w\" sizes=\"(max-width: 640px) 100vw, 640px\" \/>\t\t\t\t\t\t\t\t\t\t\t\t\t<\/div>\n\t\t\t\t<\/div>\n\t\t\t\t\t<\/div>\n\t\t<\/div>\n\t\t\t\t\t<\/div>\n\t\t<\/section>\n\t\t\t\t<section class=\"elementor-section elementor-top-section elementor-element elementor-element-d0c988b elementor-section-boxed elementor-section-height-default elementor-section-height-default\" data-id=\"d0c988b\" data-element_type=\"section\">\n\t\t\t\t\t\t<div class=\"elementor-container elementor-column-gap-default\">\n\t\t\t\t\t<div class=\"elementor-column elementor-col-100 elementor-top-column elementor-element elementor-element-d903c31\" data-id=\"d903c31\" data-element_type=\"column\">\n\t\t\t<div class=\"elementor-widget-wrap elementor-element-populated\">\n\t\t\t\t\t\t<div class=\"elementor-element elementor-element-7aa4946 elementor-widget elementor-widget-text-editor\" data-id=\"7aa4946\" data-element_type=\"widget\" data-widget_type=\"text-editor.default\">\n\t\t\t\t<div class=\"elementor-widget-container\">\n\t\t\t\t\t\t\t<p>Cam balkon ferah, estetik ve yeni ya\u015fam yeri sa\u011flayabilir.Cam balkon sistemleri uyguland\u0131\u011f\u0131 b\u00f6l\u00fcmlerde \u0131s\u0131 ve ses yal\u0131t\u0131m\u0131nda katk\u0131da bulunur.Tercih edilen sisteme g\u00f6re uygun maliyetli \u00e7\u00f6z\u00fcmler sunar.Katlan\u0131r ve s\u00fcrme sistem \u00e7\u00f6z\u00fcmleri binalar\u0131n mimari g\u00f6r\u00fcnt\u00fcs\u00fcn\u00fc bozmaz.<\/p><ul><li class=\"\">Geni\u015f Renk Se\u00e7enekleri<\/li><li class=\"\">Kesintisiz Manzara<\/li><li class=\"\">Daha Sessiz Ya\u015fam Alanlar\u0131<\/li><li class=\"\">Is\u0131 Yal\u0131t\u0131m\u0131<\/li><\/ul><p><strong class=\"\">Cam Balkon Nas\u0131l Se\u00e7ilir<br class=\"\" \/><\/strong><br class=\"\" \/>Evinize cam balkon yapt\u0131r\u0131rken g\u00f6zlemlenmesi gereken en \u00f6nemli detay uygulanacak alan\u0131n yap\u0131sal \u00f6zellikleri olmal\u0131d\u0131r.Cam Balkon uzman ki\u015filerce detayl\u0131 \u015fekilde inceleme ve tespit yap\u0131l\u0131p o \u015fekilde uygulanmal\u0131d\u0131r.<strong class=\"\">Cam Balkon Fiyatlar\u0131<br class=\"\" \/><\/strong><br class=\"\" \/><strong class=\"\">Cam balkon fiyatlar\u0131\u00a0<\/strong>olduk\u00e7a de\u011fi\u015fkenlik g\u00f6stermektedir. Bunun da bir\u00e7ok sebebi bulunmaktad\u0131r. K\u0131saca cam balkon fiyat\u0131 metre kare \u00fczerinden hesaplanmaktad\u0131r. Bu da cam balkon yapt\u0131rmak isteyen ki\u015finin balkonun b\u00fcy\u00fckl\u00fc\u011f\u00fcyle do\u011fru alakal\u0131 olacakt\u0131r. Ayr\u0131ca ki\u015finin balkonun cephesinin fazla olmas\u0131 da fiyat\u0131 etkileyecektir. Do\u011fal olarak 3 cepheli bir balkon tek cepheli ya da iki cepheli bir balkona g\u00f6re metre karesi daha fazla olacakt\u0131r. Ki\u015filer kendi evlerinin balkonunu basit bir \u015fekilde hesaplayabilirler. Bunun i\u00e7in ki\u015finin cam balkon yapt\u0131rmak istedi\u011fi balkonun cephelerini metreyle \u00f6l\u00e7mesi gerekir. Ne kadar cephe varsa bunlar\u0131n metrelerini toplay\u0131p balkonun y\u00fcksekli\u011fiyle \u00e7arpt\u0131klar\u0131 vakit balkonlar\u0131n\u0131n metre karelerini k\u0131saca hesaplam\u0131\u015f olacaklard\u0131r. B\u00f6ylece cam balkon yapan firmalardan fiyat al\u0131rken onlar\u0131n da metre kare \u00fczerinden fiyat verecekleri i\u00e7in a\u015fa\u011f\u0131 yukar\u0131 fiyat analizini yapm\u0131\u015f olacaklard\u0131r. Fakat balkonun metre karesi yaln\u0131zca tek ba\u015f\u0131na\u00a0<strong class=\"\">cam balkon fiyatlar\u0131\u00a0<\/strong>i\u00e7in yeterli de\u011fildir. \u00c7\u00fcnk\u00fc alt alta olan balkonlar\u0131n bile yap\u0131s\u0131 farkl\u0131l\u0131k g\u00f6sterdi\u011fi i\u00e7in her balkonun maliyeti farkl\u0131 olabilmektedir.<\/p><p><strong class=\"\">Cam Balkon Fiyatlar\u0131n\u0131 Etkileyen Fakt\u00f6rler<br class=\"\" \/><\/strong><br class=\"\" \/><strong class=\"\">Cam balkon fiyatlar\u0131n\u0131 etkileyen fakt\u00f6rler\u00a0<\/strong>aras\u0131nda en \u00f6nemlisi do\u011fal olarak metre karedir. Fakat metre kare \u00fczerinden verilen fiyat sadece d\u00fcz cam balkon i\u00e7in verilmektedir. Bu cam balkona yap\u0131lacak ekstra \u00e7al\u0131\u015fmalar\u0131n da bir fiyat\u0131 olacakt\u0131r. \u00d6rne\u011fin cam balkon sistemi demir korkuluklar\u0131n aras\u0131nda kullan\u0131ld\u0131\u011f\u0131 vakit \u00e7o\u011fu zaman daha fazla al\u00fcminyum do\u011frama gerekecektir. Bu da do\u011fal olarak fiyat\u0131n biraz daha artmas\u0131na sebep olacakt\u0131r. Fiyat\u0131 etkileyen bir di\u011fer fakt\u00f6r de balkonun \u015fekli olacakt\u0131r. Balkonun \u015fekli de kullan\u0131lacak malzemeleri bir hayli etkileyece\u011fi i\u00e7in fiyat\u0131n artmas\u0131na ya da azalmas\u0131na sebebiyet verebilir. Model se\u00e7imi de fiyat\u0131 etkileyen unsurlardand\u0131r. Genellikle katlanabilir cam balkonun s\u00fcrg\u00fcl\u00fc cam balkona g\u00f6re fiyat olarak daha y\u00fcksek oldu\u011fu g\u00f6r\u00fcl\u00fcr. Fakat baz\u0131 durumlarda balkonun t\u00fcr\u00fc uygun olmad\u0131\u011f\u0131 i\u00e7in s\u00fcrg\u00fcl\u00fc cam balkon ki\u015finin istemesi halinde dahi yap\u0131lamayabilir. Cam balkon rengi de fiyat\u0131 etkilese de \u00e7ok b\u00fcy\u00fck bir etkiden bahsetmek m\u00fcmk\u00fcn de\u011fildir. Fitil se\u00e7imi de etkileyen unsurlardan bir tanesidir. \u00c7o\u011fu ki\u015fi cam balkon yapt\u0131rmaya \u0131s\u0131 konusunda olduk\u00e7a yararl\u0131 oldu\u011fu i\u00e7in tercih etmektedir. Tek caml\u0131 cam balkonlar\u0131n da \u0131s\u0131 konusunda faydas\u0131n\u0131n oldu\u011fu g\u00f6r\u00fcl\u00fcr. Fakat \u0131s\u0131caml\u0131 cam balkon se\u00e7imi yap\u0131lmas\u0131 durumunda tek cama g\u00f6re olduk\u00e7a daha iyi sonu\u00e7lar al\u0131nd\u0131\u011f\u0131 bilindik bir \u015feydir. Bu da do\u011fal olarak fiyatlara yans\u0131maktad\u0131r ve \u0131s\u0131camda tek cama g\u00f6re bir t\u0131k daha fazla fiyet istenmektedir.<\/p><p><strong class=\"\">Cam Balkon Fiyat\u0131na De\u011fer Mi?<br \/><\/strong><br \/>Cam balkon yapt\u0131rmak isteyen ki\u015filer\u00a0<strong class=\"\">cam balkon fiyat\u0131na de\u011fer mi\u00a0<\/strong>d\u00fc\u015f\u00fcncesine kap\u0131lmaktad\u0131rlar. Cam balkon yap\u0131m\u0131 s\u0131ras\u0131nda ki\u015filer do\u011fal olarak belli bir maliyete katlansalar dahi iyi bir firmayla \u00e7al\u0131\u015fmalar\u0131 durumunda bu fiyata olduk\u00e7a de\u011fer bir hizmet alacaklard\u0131r. Ki\u015filer cam balkon sayesinde olduk\u00e7a ferah bir balkona sahip olarak 4 mevsim vakit ge\u00e7irecekleri bir alana sahip olacaklard\u0131r. Ayr\u0131ca daha \u00f6ncesinde balkonlar\u0131ndan evlerine gelen ar\u0131, b\u00f6cek, polenlerin de b\u00f6ylece \u00f6nlemini alm\u0131\u015f olacaklard\u0131r. Ayr\u0131ca g\u00fcvenli olmas\u0131 sayesiyle h\u0131rs\u0131zlar\u0131n balkondan eve girme gibi ihtimallerini ortadan kald\u0131rm\u0131\u015f olacaklard\u0131r. \u00d6zellikle \u0131s\u0131caml\u0131 bir cam balkon yapt\u0131ran ki\u015filer i\u00e7in avantajlar \u00e7ok daha fazla olacakt\u0131r. \u00c7\u00fcnk\u00fc \u0131s\u0131cam sayesinde balkonlar hem k\u0131\u015f hem de yaz aylar\u0131nda olmas\u0131 gerekti\u011fi s\u0131cakl\u0131\u011fa ula\u015fm\u0131\u015f olacaklard\u0131r. B\u00f6ylece ki\u015fi \u00f6zellikle s\u0131cak yaz g\u00fcnlerinde evin i\u00e7inde bunalmas\u0131 durumunda balkonda rahat bir nefes alm\u0131\u015f olacakt\u0131r. T\u00fcm bu olumlu etkilerinin yan\u0131 s\u0131ra evin g\u00f6r\u00fcnt\u00fcs\u00fcn\u00fc g\u00fczelle\u015ftirdi\u011fi i\u00e7in evin de\u011ferini de ciddi bir oranda art\u0131rm\u0131\u015f olacakt\u0131r. Yani cam balkon yapt\u0131rmak olduk\u00e7a mant\u0131kl\u0131 bir hamle olacakt\u0131r ve verilen fiyata de\u011fer bir hizmettir.<\/p>\t\t\t\t\t\t<\/div>\n\t\t\t\t<\/div>\n\t\t\t\t\t<\/div>\n\t\t<\/div>\n\t\t\t\t\t<\/div>\n\t\t<\/section>\n\t\t\t\t<\/div>\n\t\t","protected":false},"excerpt":{"rendered":"<p>Cam Balkon Sky Win Cam Balkon olarak, faaliyet s\u00fcremiz i\u00e7erisinde cam balkon \u0130stanbul olarak sekt\u00f6r\u00fcn lider cam balkon firmalar\u0131 aras\u0131ndaki yerimizi h\u0131zla ald\u0131k. M\u00fc\u015fteri odakl\u0131 \u00e7al\u0131\u015fma ve kalite politikam\u0131z\u0131 standart hale getirdik. Cam balkon \u0130stanbul sistemleri, t\u00fcm \u00e7al\u0131\u015fanlar\u0131n\u0131n etkin kat\u0131l\u0131mlar\u0131yla m\u00fc\u015fteri ihtiya\u00e7 ve imkanlar\u0131n\u0131 dikkate alarak, m\u00fc\u015fteri memnuniyetini s\u00fcrekli k\u0131lmak i\u00e7in kaynaklar\u0131 ekonomik, etkin, verimli [&hellip;]<\/p>\n","protected":false},"author":1,"featured_media":0,"parent":0,"menu_order":0,"comment_status":"closed","ping_status":"closed","template":"","meta":{"site-sidebar-layout":"no-sidebar","site-content-layout":"page-builder","ast-site-content-layout":"default","site-content-style":"default","site-sidebar-style":"default","ast-global-header-display":"","ast-banner-title-visibility":"","ast-main-header-display":"","ast-hfb-above-header-display":"","ast-hfb-below-header-display":"","ast-hfb-mobile-header-display":"","site-post-title":"disabled","ast-breadcrumbs-content":"","ast-featured-img":"disabled","footer-sml-layout":"","ast-disable-related-posts":"","theme-transparent-header-meta":"enabled","adv-header-id-meta":"","stick-header-meta":"","header-above-stick-meta":"","header-main-stick-meta":"","header-below-stick-meta":"","astra-migrate-meta-layouts":"default","ast-page-background-enabled":"default","ast-page-background-meta":{"desktop":{"background-color":"","background-image":"","background-repeat":"repeat","background-position":"center center","background-size":"auto","background-attachment":"scroll","background-type":"","background-media":"","overlay-type":"","overlay-color":"","overlay-opacity":"","overlay-gradient":""},"tablet":{"background-color":"","background-image":"","background-repeat":"repeat","background-position":"center center","background-size":"auto","background-attachment":"scroll","background-type":"","background-media":"","overlay-type":"","overlay-color":"","overlay-opacity":"","overlay-gradient":""},"mobile":{"background-color":"","background-image":"","background-repeat":"repeat","background-position":"center center","background-size":"auto","background-attachment":"scroll","background-type":"","background-media":"","overlay-type":"","overlay-color":"","overlay-opacity":"","overlay-gradient":""}},"ast-content-background-meta":{"desktop":{"background-color":"var(--ast-global-color-5)","background-image":"","background-repeat":"repeat","background-position":"center center","background-size":"auto","background-attachment":"scroll","background-type":"","background-media":"","overlay-type":"","overlay-color":"","overlay-opacity":"","overlay-gradient":""},"tablet":{"background-color":"var(--ast-global-color-5)","background-image":"","background-repeat":"repeat","background-position":"center center","background-size":"auto","background-attachment":"scroll","background-type":"","background-media":"","overlay-type":"","overlay-color":"","overlay-opacity":"","overlay-gradient":""},"mobile":{"background-color":"var(--ast-global-color-5)","background-image":"","background-repeat":"repeat","background-position":"center center","background-size":"auto","background-attachment":"scroll","background-type":"","background-media":"","overlay-type":"","overlay-color":"","overlay-opacity":"","overlay-gradient":""}}},"_links":{"self":[{"href":"http:\/\/www.cambalkon.gen.tr\/index.php\/wp-json\/wp\/v2\/pages\/471"}],"collection":[{"href":"http:\/\/www.cambalkon.gen.tr\/index.php\/wp-json\/wp\/v2\/pages"}],"about":[{"href":"http:\/\/www.cambalkon.gen.tr\/index.php\/wp-json\/wp\/v2\/types\/page"}],"author":[{"embeddable":true,"href":"http:\/\/www.cambalkon.gen.tr\/index.php\/wp-json\/wp\/v2\/users\/1"}],"replies":[{"embeddable":true,"href":"http:\/\/www.cambalkon.gen.tr\/index.php\/wp-json\/wp\/v2\/comments?post=471"}],"version-history":[{"count":10,"href":"http:\/\/www.cambalkon.gen.tr\/index.php\/wp-json\/wp\/v2\/pages\/471\/revisions"}],"predecessor-version":[{"id":574,"href":"http:\/\/www.cambalkon.gen.tr\/index.php\/wp-json\/wp\/v2\/pages\/471\/revisions\/574"}],"wp:attachment":[{"href":"http:\/\/www.cambalkon.gen.tr\/index.php\/wp-json\/wp\/v2\/media?parent=471"}],"curies":[{"name":"wp","href":"https:\/\/api.w.org\/{rel}","templated":true}]}}